{"id":5733,"date":"2022-07-20T22:01:54","date_gmt":"2022-07-20T20:01:54","guid":{"rendered":"https:\/\/teatrbaj.pl\/?page_id=5733"},"modified":"2022-07-20T22:01:55","modified_gmt":"2022-07-20T20:01:55","slug":"child-adult-a-lexicon-of-sensitivity","status":"publish","type":"page","link":"https:\/\/teatrbaj.pl\/en\/child-adult-a-lexicon-of-sensitivity\/","title":{"rendered":"Child \u2013 Adult \u2013 a lexicon of sensitivity"},"content":{"rendered":"\n<figure class=\"wp-block-pullquote is-style-solid-color has-small-font-size\"><blockquote><p>The main aim of the project is to start cooperation between the Baj Theatre (the oldest puppet theatre in PL) and Det Norsket Testret. Both institutions, equipped with a long, rich and varied history, desire to prepare a play based on the text of &#8220;Spelejenta&#8221; by Jon Fosse \u2013 one of the most outstanding contemporary Norwegian playwrights.<\/p><cite>THE MAIN OBJECTIVE OF THE PROJECT<\/cite><\/blockquote><\/figure>\n\n\n\n<hr class=\"wp-block-separator has-alpha-channel-opacity\"\/>\n\n\n\n<figure class=\"wp-block-pullquote is-style-solid-color has-small-font-size\"><blockquote><p>The main idea behind the project is to create a modern, poetic and attractive play, one which will allow starting an ambitious, intellectual dialogue with the child who is already dreaming of adulthood.<\/p><cite>THE MAIN IDEA OF THE PROJECT<\/cite><\/blockquote><\/figure>\n\n\n\n<hr class=\"wp-block-separator has-alpha-channel-opacity\"\/>\n\n\n\n<figure class=\"wp-block-pullquote is-style-solid-color has-small-font-size\"><blockquote><p>June 2022 \u2013 November 2023<\/p><cite>&nbsp;<br>PROJECT DURATION<\/cite><\/blockquote><\/figure>\n\n\n\n<hr class=\"wp-block-separator has-alpha-channel-opacity\"\/>\n\n\n\n<div class=\"wp-block-columns is-layout-flex wp-container-core-columns-is-layout-9d6595d7 wp-block-columns-is-layout-flex\">\n<div class=\"wp-block-column is-vertically-aligned-bottom is-layout-flow wp-block-column-is-layout-flow\">\n<p>ORGANIZERS AND PROJECT PARTNERS:<\/p>\n<\/div>\n<\/div>\n\n\n\n<div class=\"wp-block-columns is-not-stacked-on-mobile is-layout-flex wp-container-core-columns-is-layout-9d6595d7 wp-block-columns-is-layout-flex\">\n<div class=\"wp-block-column is-vertically-aligned-center is-layout-flow wp-block-column-is-layout-flow\">\n<figure class=\"wp-block-image size-full is-resized\"><a href=\"https:\/\/eeagrants.org\/\" target=\"_blank\" rel=\"noreferrer noopener\"><img loading=\"lazy\" decoding=\"async\" src=\"https:\/\/teatrbaj.pl\/wp-content\/uploads\/2022\/07\/logo_norweskie_eog.png\" alt=\"\" class=\"wp-image-5583\" width=\"191\" height=\"78\"\/><\/a><\/figure>\n<\/div>\n\n\n\n<div class=\"wp-block-column is-vertically-aligned-center is-layout-flow wp-block-column-is-layout-flow\"><div class=\"wp-block-image\">\n<figure class=\"aligncenter size-large is-resized\"><a href=\"https:\/\/www.gov.pl\/web\/kultura\/\" target=\"_blank\" rel=\"noreferrer noopener\"><img loading=\"lazy\" decoding=\"async\" src=\"https:\/\/teatrbaj.pl\/wp-content\/uploads\/2022\/07\/MKiDN_kolor-1024x424.png\" alt=\"\" class=\"wp-image-5587\" width=\"200\" height=\"82\" srcset=\"https:\/\/teatrbaj.pl\/wp-content\/uploads\/2022\/07\/MKiDN_kolor-1024x424.png 1024w, https:\/\/teatrbaj.pl\/wp-content\/uploads\/2022\/07\/MKiDN_kolor-300x124.png 300w, https:\/\/teatrbaj.pl\/wp-content\/uploads\/2022\/07\/MKiDN_kolor-768x318.png 768w, https:\/\/teatrbaj.pl\/wp-content\/uploads\/2022\/07\/MKiDN_kolor.png 1200w\" sizes=\"auto, (max-width: 200px) 100vw, 200px\" \/><\/a><\/figure>\n<\/div><\/div>\n\n\n\n<div class=\"wp-block-column is-vertically-aligned-center is-layout-flow wp-block-column-is-layout-flow\"><div class=\"wp-block-image\">\n<figure class=\"alignright size-full is-resized\"><a href=\"https:\/\/www.detnorsketeatret.no\/\" target=\"_blank\" rel=\"noreferrer noopener\"><img loading=\"lazy\" decoding=\"async\" src=\"https:\/\/teatrbaj.pl\/wp-content\/uploads\/2022\/07\/DTT_logo_wysrodkowane.png\" alt=\"\" class=\"wp-image-5655\" width=\"224\" height=\"224\" srcset=\"https:\/\/teatrbaj.pl\/wp-content\/uploads\/2022\/07\/DTT_logo_wysrodkowane.png 500w, https:\/\/teatrbaj.pl\/wp-content\/uploads\/2022\/07\/DTT_logo_wysrodkowane-300x300.png 300w, https:\/\/teatrbaj.pl\/wp-content\/uploads\/2022\/07\/DTT_logo_wysrodkowane-150x150.png 150w\" sizes=\"auto, (max-width: 224px) 100vw, 224px\" \/><\/a><\/figure>\n<\/div><\/div>\n\n\n\n<div class=\"wp-block-column is-vertically-aligned-center is-layout-flow wp-block-column-is-layout-flow\"><div class=\"wp-block-image\">\n<figure class=\"aligncenter size-full is-resized\"><a href=\"https:\/\/teatrbaj.pl\/\"><img loading=\"lazy\" decoding=\"async\" src=\"https:\/\/teatrbaj.pl\/wp-content\/uploads\/2020\/10\/baj-logo.jpg\" alt=\"\" class=\"wp-image-934\" width=\"77\" height=\"81\" srcset=\"https:\/\/teatrbaj.pl\/wp-content\/uploads\/2020\/10\/baj-logo.jpg 555w, https:\/\/teatrbaj.pl\/wp-content\/uploads\/2020\/10\/baj-logo-282x300.jpg 282w\" sizes=\"auto, (max-width: 77px) 100vw, 77px\" \/><\/a><\/figure>\n<\/div><\/div>\n<\/div>\n\n\n\n<hr class=\"wp-block-separator has-alpha-channel-opacity\"\/>\n\n\n\n<figure class=\"wp-block-pullquote is-style-solid-color\"><blockquote><p>Working together for a green, competitive and inclusive Europe<\/p><\/blockquote><\/figure>\n","protected":false},"excerpt":{"rendered":"<p>The main aim of the project is to start cooperation between the Baj Theatre (the oldest puppet theatre in PL) and Det Norsket Testret. Both institutions, equipped with a long, rich and varied history, desire to prepare a play based on the text of &#8220;Spelejenta&#8221; by Jon Fosse \u2013 one of the most outstanding contemporary [&hellip;]<\/p>\n","protected":false},"author":2,"featured_media":5668,"parent":0,"menu_order":0,"comment_status":"closed","ping_status":"closed","template":"","meta":{"_acf_changed":false,"footnotes":""},"class_list":["post-5733","page","type-page","status-publish","has-post-thumbnail","hentry"],"acf":[],"yoast_head":"<!-- This site is optimized with the Yoast SEO plugin v26.4 - https:\/\/yoast.com\/wordpress\/plugins\/seo\/ -->\n<title>Child \u2013 Adult \u2013 a lexicon of sensitivity - Teatr Baj<\/title>\n<meta name=\"description\" content=\"The main aim of the project is to start cooperation between the Baj Theatre (the oldest puppet theatre in PL) and Det Norsket Testret. Both institutions, equipped with a long, rich and varied history, desire to prepare a play based on the text of &quot;Spelejenta&quot; by Jon Fosse \u2013 one of the most outstanding contemporary Norwegian playwrights.\" \/>\n<meta name=\"robots\" content=\"index, follow, max-snippet:-1, max-image-preview:large, max-video-preview:-1\" \/>\n<link rel=\"canonical\" href=\"https:\/\/teatrbaj.pl\/en\/child-adult-a-lexicon-of-sensitivity\/\" \/>\n<meta property=\"og:locale\" content=\"en_US\" \/>\n<meta property=\"og:type\" content=\"article\" \/>\n<meta property=\"og:title\" content=\"Child \u2013 Adult \u2013 a lexicon of sensitivity - Teatr Baj\" \/>\n<meta property=\"og:description\" content=\"The main aim of the project is to start cooperation between the Baj Theatre (the oldest puppet theatre in PL) and Det Norsket Testret. Both institutions, equipped with a long, rich and varied history, desire to prepare a play based on the text of &quot;Spelejenta&quot; by Jon Fosse \u2013 one of the most outstanding contemporary Norwegian playwrights.\" \/>\n<meta property=\"og:url\" content=\"https:\/\/teatrbaj.pl\/en\/child-adult-a-lexicon-of-sensitivity\/\" \/>\n<meta property=\"og:site_name\" content=\"Teatr Baj\" \/>\n<meta property=\"article:modified_time\" content=\"2022-07-20T20:01:55+00:00\" \/>\n<meta property=\"og:image\" content=\"https:\/\/teatrbaj.pl\/wp-content\/uploads\/2022\/07\/\u201eDziecko-\u2013-Dorosly-\u2013-leksykon-wrazliwosci.png\" \/>\n\t<meta property=\"og:image:width\" content=\"500\" \/>\n\t<meta property=\"og:image:height\" content=\"500\" \/>\n\t<meta property=\"og:image:type\" content=\"image\/png\" \/>\n<meta name=\"twitter:card\" content=\"summary_large_image\" \/>\n<meta name=\"twitter:label1\" content=\"Est. reading time\" \/>\n\t<meta name=\"twitter:data1\" content=\"2 minutes\" \/>\n<script type=\"application\/ld+json\" class=\"yoast-schema-graph\">{\"@context\":\"https:\/\/schema.org\",\"@graph\":[{\"@type\":\"WebPage\",\"@id\":\"https:\/\/teatrbaj.pl\/en\/child-adult-a-lexicon-of-sensitivity\/\",\"url\":\"https:\/\/teatrbaj.pl\/en\/child-adult-a-lexicon-of-sensitivity\/\",\"name\":\"Child \u2013 Adult \u2013 a lexicon of sensitivity - Teatr Baj\",\"isPartOf\":{\"@id\":\"https:\/\/teatrbaj.pl\/en\/#website\"},\"primaryImageOfPage\":{\"@id\":\"https:\/\/teatrbaj.pl\/en\/child-adult-a-lexicon-of-sensitivity\/#primaryimage\"},\"image\":{\"@id\":\"https:\/\/teatrbaj.pl\/en\/child-adult-a-lexicon-of-sensitivity\/#primaryimage\"},\"thumbnailUrl\":\"https:\/\/teatrbaj.pl\/wp-content\/uploads\/2022\/07\/\u201eDziecko-\u2013-Dorosly-\u2013-leksykon-wrazliwosci.png\",\"datePublished\":\"2022-07-20T20:01:54+00:00\",\"dateModified\":\"2022-07-20T20:01:55+00:00\",\"description\":\"The main aim of the project is to start cooperation between the Baj Theatre (the oldest puppet theatre in PL) and Det Norsket Testret. Both institutions, equipped with a long, rich and varied history, desire to prepare a play based on the text of \\\"Spelejenta\\\" by Jon Fosse \u2013 one of the most outstanding contemporary Norwegian playwrights.\",\"breadcrumb\":{\"@id\":\"https:\/\/teatrbaj.pl\/en\/child-adult-a-lexicon-of-sensitivity\/#breadcrumb\"},\"inLanguage\":\"en-US\",\"potentialAction\":[{\"@type\":\"ReadAction\",\"target\":[\"https:\/\/teatrbaj.pl\/en\/child-adult-a-lexicon-of-sensitivity\/\"]}]},{\"@type\":\"ImageObject\",\"inLanguage\":\"en-US\",\"@id\":\"https:\/\/teatrbaj.pl\/en\/child-adult-a-lexicon-of-sensitivity\/#primaryimage\",\"url\":\"https:\/\/teatrbaj.pl\/wp-content\/uploads\/2022\/07\/\u201eDziecko-\u2013-Dorosly-\u2013-leksykon-wrazliwosci.png\",\"contentUrl\":\"https:\/\/teatrbaj.pl\/wp-content\/uploads\/2022\/07\/\u201eDziecko-\u2013-Dorosly-\u2013-leksykon-wrazliwosci.png\",\"width\":500,\"height\":500,\"caption\":\"TEKST: DZIECKO - DOROS\u0141Y - LEKSYKON WRA\u017bLIWO\u015aCI\"},{\"@type\":\"BreadcrumbList\",\"@id\":\"https:\/\/teatrbaj.pl\/en\/child-adult-a-lexicon-of-sensitivity\/#breadcrumb\",\"itemListElement\":[{\"@type\":\"ListItem\",\"position\":1,\"name\":\"Home\",\"item\":\"https:\/\/teatrbaj.pl\/en\/\"},{\"@type\":\"ListItem\",\"position\":2,\"name\":\"Child \u2013 Adult \u2013 a lexicon of sensitivity\"}]},{\"@type\":\"WebSite\",\"@id\":\"https:\/\/teatrbaj.pl\/en\/#website\",\"url\":\"https:\/\/teatrbaj.pl\/en\/\",\"name\":\"Teatr Baj\",\"description\":\"\",\"publisher\":{\"@id\":\"https:\/\/teatrbaj.pl\/en\/#organization\"},\"potentialAction\":[{\"@type\":\"SearchAction\",\"target\":{\"@type\":\"EntryPoint\",\"urlTemplate\":\"https:\/\/teatrbaj.pl\/en\/?s={search_term_string}\"},\"query-input\":{\"@type\":\"PropertyValueSpecification\",\"valueRequired\":true,\"valueName\":\"search_term_string\"}}],\"inLanguage\":\"en-US\"},{\"@type\":\"Organization\",\"@id\":\"https:\/\/teatrbaj.pl\/en\/#organization\",\"name\":\"Wyniki wyszukiwania Wynik z internetu z linkami do witryny Teatr Baj\",\"url\":\"https:\/\/teatrbaj.pl\/en\/\",\"logo\":{\"@type\":\"ImageObject\",\"inLanguage\":\"en-US\",\"@id\":\"https:\/\/teatrbaj.pl\/en\/#\/schema\/logo\/image\/\",\"url\":\"https:\/\/teatrbaj.pl\/wp-content\/uploads\/2020\/08\/baj-logo-z-bialym-tlem-min.png\",\"contentUrl\":\"https:\/\/teatrbaj.pl\/wp-content\/uploads\/2020\/08\/baj-logo-z-bialym-tlem-min.png\",\"width\":144,\"height\":154,\"caption\":\"Wyniki wyszukiwania Wynik z internetu z linkami do witryny Teatr Baj\"},\"image\":{\"@id\":\"https:\/\/teatrbaj.pl\/en\/#\/schema\/logo\/image\/\"}}]}<\/script>\n<!-- \/ Yoast SEO plugin. -->","yoast_head_json":{"title":"Child \u2013 Adult \u2013 a lexicon of sensitivity - Teatr Baj","description":"The main aim of the project is to start cooperation between the Baj Theatre (the oldest puppet theatre in PL) and Det Norsket Testret. Both institutions, equipped with a long, rich and varied history, desire to prepare a play based on the text of \"Spelejenta\" by Jon Fosse \u2013 one of the most outstanding contemporary Norwegian playwrights.","robots":{"index":"index","follow":"follow","max-snippet":"max-snippet:-1","max-image-preview":"max-image-preview:large","max-video-preview":"max-video-preview:-1"},"canonical":"https:\/\/teatrbaj.pl\/en\/child-adult-a-lexicon-of-sensitivity\/","og_locale":"en_US","og_type":"article","og_title":"Child \u2013 Adult \u2013 a lexicon of sensitivity - Teatr Baj","og_description":"The main aim of the project is to start cooperation between the Baj Theatre (the oldest puppet theatre in PL) and Det Norsket Testret. Both institutions, equipped with a long, rich and varied history, desire to prepare a play based on the text of \"Spelejenta\" by Jon Fosse \u2013 one of the most outstanding contemporary Norwegian playwrights.","og_url":"https:\/\/teatrbaj.pl\/en\/child-adult-a-lexicon-of-sensitivity\/","og_site_name":"Teatr Baj","article_modified_time":"2022-07-20T20:01:55+00:00","og_image":[{"width":500,"height":500,"url":"https:\/\/teatrbaj.pl\/wp-content\/uploads\/2022\/07\/\u201eDziecko-\u2013-Dorosly-\u2013-leksykon-wrazliwosci.png","type":"image\/png"}],"twitter_card":"summary_large_image","twitter_misc":{"Est. reading time":"2 minutes"},"schema":{"@context":"https:\/\/schema.org","@graph":[{"@type":"WebPage","@id":"https:\/\/teatrbaj.pl\/en\/child-adult-a-lexicon-of-sensitivity\/","url":"https:\/\/teatrbaj.pl\/en\/child-adult-a-lexicon-of-sensitivity\/","name":"Child \u2013 Adult \u2013 a lexicon of sensitivity - Teatr Baj","isPartOf":{"@id":"https:\/\/teatrbaj.pl\/en\/#website"},"primaryImageOfPage":{"@id":"https:\/\/teatrbaj.pl\/en\/child-adult-a-lexicon-of-sensitivity\/#primaryimage"},"image":{"@id":"https:\/\/teatrbaj.pl\/en\/child-adult-a-lexicon-of-sensitivity\/#primaryimage"},"thumbnailUrl":"https:\/\/teatrbaj.pl\/wp-content\/uploads\/2022\/07\/\u201eDziecko-\u2013-Dorosly-\u2013-leksykon-wrazliwosci.png","datePublished":"2022-07-20T20:01:54+00:00","dateModified":"2022-07-20T20:01:55+00:00","description":"The main aim of the project is to start cooperation between the Baj Theatre (the oldest puppet theatre in PL) and Det Norsket Testret. Both institutions, equipped with a long, rich and varied history, desire to prepare a play based on the text of \"Spelejenta\" by Jon Fosse \u2013 one of the most outstanding contemporary Norwegian playwrights.","breadcrumb":{"@id":"https:\/\/teatrbaj.pl\/en\/child-adult-a-lexicon-of-sensitivity\/#breadcrumb"},"inLanguage":"en-US","potentialAction":[{"@type":"ReadAction","target":["https:\/\/teatrbaj.pl\/en\/child-adult-a-lexicon-of-sensitivity\/"]}]},{"@type":"ImageObject","inLanguage":"en-US","@id":"https:\/\/teatrbaj.pl\/en\/child-adult-a-lexicon-of-sensitivity\/#primaryimage","url":"https:\/\/teatrbaj.pl\/wp-content\/uploads\/2022\/07\/\u201eDziecko-\u2013-Dorosly-\u2013-leksykon-wrazliwosci.png","contentUrl":"https:\/\/teatrbaj.pl\/wp-content\/uploads\/2022\/07\/\u201eDziecko-\u2013-Dorosly-\u2013-leksykon-wrazliwosci.png","width":500,"height":500,"caption":"TEKST: DZIECKO - DOROS\u0141Y - LEKSYKON WRA\u017bLIWO\u015aCI"},{"@type":"BreadcrumbList","@id":"https:\/\/teatrbaj.pl\/en\/child-adult-a-lexicon-of-sensitivity\/#breadcrumb","itemListElement":[{"@type":"ListItem","position":1,"name":"Home","item":"https:\/\/teatrbaj.pl\/en\/"},{"@type":"ListItem","position":2,"name":"Child \u2013 Adult \u2013 a lexicon of sensitivity"}]},{"@type":"WebSite","@id":"https:\/\/teatrbaj.pl\/en\/#website","url":"https:\/\/teatrbaj.pl\/en\/","name":"Teatr Baj","description":"","publisher":{"@id":"https:\/\/teatrbaj.pl\/en\/#organization"},"potentialAction":[{"@type":"SearchAction","target":{"@type":"EntryPoint","urlTemplate":"https:\/\/teatrbaj.pl\/en\/?s={search_term_string}"},"query-input":{"@type":"PropertyValueSpecification","valueRequired":true,"valueName":"search_term_string"}}],"inLanguage":"en-US"},{"@type":"Organization","@id":"https:\/\/teatrbaj.pl\/en\/#organization","name":"Wyniki wyszukiwania Wynik z internetu z linkami do witryny Teatr Baj","url":"https:\/\/teatrbaj.pl\/en\/","logo":{"@type":"ImageObject","inLanguage":"en-US","@id":"https:\/\/teatrbaj.pl\/en\/#\/schema\/logo\/image\/","url":"https:\/\/teatrbaj.pl\/wp-content\/uploads\/2020\/08\/baj-logo-z-bialym-tlem-min.png","contentUrl":"https:\/\/teatrbaj.pl\/wp-content\/uploads\/2020\/08\/baj-logo-z-bialym-tlem-min.png","width":144,"height":154,"caption":"Wyniki wyszukiwania Wynik z internetu z linkami do witryny Teatr Baj"},"image":{"@id":"https:\/\/teatrbaj.pl\/en\/#\/schema\/logo\/image\/"}}]}},"_links":{"self":[{"href":"https:\/\/teatrbaj.pl\/en\/wp-json\/wp\/v2\/pages\/5733","targetHints":{"allow":["GET"]}}],"collection":[{"href":"https:\/\/teatrbaj.pl\/en\/wp-json\/wp\/v2\/pages"}],"about":[{"href":"https:\/\/teatrbaj.pl\/en\/wp-json\/wp\/v2\/types\/page"}],"author":[{"embeddable":true,"href":"https:\/\/teatrbaj.pl\/en\/wp-json\/wp\/v2\/users\/2"}],"replies":[{"embeddable":true,"href":"https:\/\/teatrbaj.pl\/en\/wp-json\/wp\/v2\/comments?post=5733"}],"version-history":[{"count":0,"href":"https:\/\/teatrbaj.pl\/en\/wp-json\/wp\/v2\/pages\/5733\/revisions"}],"wp:featuredmedia":[{"embeddable":true,"href":"https:\/\/teatrbaj.pl\/en\/wp-json\/wp\/v2\/media\/5668"}],"wp:attachment":[{"href":"https:\/\/teatrbaj.pl\/en\/wp-json\/wp\/v2\/media?parent=5733"}],"curies":[{"name":"wp","href":"https:\/\/api.w.org\/{rel}","templated":true}]}}