{"id":2243,"date":"2021-01-28T13:46:25","date_gmt":"2021-01-28T12:46:25","guid":{"rendered":"https:\/\/teatrbaj.pl\/homepage\/"},"modified":"2024-03-12T17:34:54","modified_gmt":"2024-03-12T16:34:54","slug":"homepage","status":"publish","type":"page","link":"https:\/\/teatrbaj.pl\/en\/","title":{"rendered":"Homepage"},"content":{"rendered":"","protected":false},"excerpt":{"rendered":"","protected":false},"author":3,"featured_media":4843,"parent":0,"menu_order":0,"comment_status":"closed","ping_status":"closed","template":"homepage.php","meta":{"_acf_changed":false,"footnotes":""},"class_list":["post-2243","page","type-page","status-publish","has-post-thumbnail","hentry"],"acf":[],"yoast_head":"<!-- This site is optimized with the Yoast SEO plugin v26.4 - https:\/\/yoast.com\/wordpress\/plugins\/seo\/ -->\n<title>Homepage - Teatr Baj<\/title>\n<meta name=\"description\" content=\"Poland&#039;s oldest puppet theater, founded in 1928 and headquartered at 28 Jagiello\u0144ska Street in Warsaw. Recognized as an accessible and friendly place for audiences of all ages. The Baj Theater&#039;s mission is to artistically search for new forms of theater, with a special focus on children&#039;s audiences, produce and present performances, operate in the field of cultural education and promote culture - both at home and abroad.Translated with DeepL.com (free version)\" \/>\n<meta name=\"robots\" content=\"index, follow, max-snippet:-1, max-image-preview:large, max-video-preview:-1\" \/>\n<link rel=\"canonical\" href=\"https:\/\/teatrbaj.pl\/en\/\" \/>\n<meta property=\"og:locale\" content=\"en_US\" \/>\n<meta property=\"og:type\" content=\"article\" \/>\n<meta property=\"og:title\" content=\"Homepage - Teatr Baj\" \/>\n<meta property=\"og:description\" content=\"Poland&#039;s oldest puppet theater, founded in 1928 and headquartered at 28 Jagiello\u0144ska Street in Warsaw. Recognized as an accessible and friendly place for audiences of all ages. The Baj Theater&#039;s mission is to artistically search for new forms of theater, with a special focus on children&#039;s audiences, produce and present performances, operate in the field of cultural education and promote culture - both at home and abroad.Translated with DeepL.com (free version)\" \/>\n<meta property=\"og:url\" content=\"https:\/\/teatrbaj.pl\/en\/\" \/>\n<meta property=\"og:site_name\" content=\"Teatr Baj\" \/>\n<meta property=\"article:modified_time\" content=\"2024-03-12T16:34:54+00:00\" \/>\n<meta property=\"og:image\" content=\"https:\/\/teatrbaj.pl\/wp-content\/uploads\/2022\/03\/Teatr-Baj-fot.-Albert-Roca-Macia-Duzy.jpg\" \/>\n\t<meta property=\"og:image:width\" content=\"1623\" \/>\n\t<meta property=\"og:image:height\" content=\"1080\" \/>\n\t<meta property=\"og:image:type\" content=\"image\/jpeg\" \/>\n<meta name=\"twitter:card\" content=\"summary_large_image\" \/>\n<script type=\"application\/ld+json\" class=\"yoast-schema-graph\">{\"@context\":\"https:\/\/schema.org\",\"@graph\":[{\"@type\":\"WebPage\",\"@id\":\"https:\/\/teatrbaj.pl\/en\/\",\"url\":\"https:\/\/teatrbaj.pl\/en\/\",\"name\":\"Homepage - Teatr Baj\",\"isPartOf\":{\"@id\":\"https:\/\/teatrbaj.pl\/en\/#website\"},\"primaryImageOfPage\":{\"@id\":\"https:\/\/teatrbaj.pl\/en\/#primaryimage\"},\"image\":{\"@id\":\"https:\/\/teatrbaj.pl\/en\/#primaryimage\"},\"thumbnailUrl\":\"https:\/\/teatrbaj.pl\/wp-content\/uploads\/2022\/03\/Teatr-Baj-fot.-Albert-Roca-Macia-Duzy.jpg\",\"datePublished\":\"2021-01-28T12:46:25+00:00\",\"dateModified\":\"2024-03-12T16:34:54+00:00\",\"description\":\"Poland's oldest puppet theater, founded in 1928 and headquartered at 28 Jagiello\u0144ska Street in Warsaw. Recognized as an accessible and friendly place for audiences of all ages. The Baj Theater's mission is to artistically search for new forms of theater, with a special focus on children's audiences, produce and present performances, operate in the field of cultural education and promote culture - both at home and abroad.Translated with DeepL.com (free version)\",\"breadcrumb\":{\"@id\":\"https:\/\/teatrbaj.pl\/en\/#breadcrumb\"},\"inLanguage\":\"en-US\",\"potentialAction\":[{\"@type\":\"ReadAction\",\"target\":[\"https:\/\/teatrbaj.pl\/en\/\"]}]},{\"@type\":\"ImageObject\",\"inLanguage\":\"en-US\",\"@id\":\"https:\/\/teatrbaj.pl\/en\/#primaryimage\",\"url\":\"https:\/\/teatrbaj.pl\/wp-content\/uploads\/2022\/03\/Teatr-Baj-fot.-Albert-Roca-Macia-Duzy.jpg\",\"contentUrl\":\"https:\/\/teatrbaj.pl\/wp-content\/uploads\/2022\/03\/Teatr-Baj-fot.-Albert-Roca-Macia-Duzy.jpg\",\"width\":1623,\"height\":1080,\"caption\":\"Teatr Baj w Warszawie - najstarszy teatr lalkowy dla dzieci w Polsce. Zdj\u0119cie przedstawia budynek Teatru zwany te\u017c Pa\u0142acem dla dzieci.\"},{\"@type\":\"BreadcrumbList\",\"@id\":\"https:\/\/teatrbaj.pl\/en\/#breadcrumb\",\"itemListElement\":[{\"@type\":\"ListItem\",\"position\":1,\"name\":\"Home\",\"item\":\"https:\/\/teatrbaj.pl\/en\/\"},{\"@type\":\"ListItem\",\"position\":2,\"name\":\"Homepage\"}]},{\"@type\":\"WebSite\",\"@id\":\"https:\/\/teatrbaj.pl\/en\/#website\",\"url\":\"https:\/\/teatrbaj.pl\/en\/\",\"name\":\"Teatr Baj\",\"description\":\"\",\"publisher\":{\"@id\":\"https:\/\/teatrbaj.pl\/en\/#organization\"},\"potentialAction\":[{\"@type\":\"SearchAction\",\"target\":{\"@type\":\"EntryPoint\",\"urlTemplate\":\"https:\/\/teatrbaj.pl\/en\/?s={search_term_string}\"},\"query-input\":{\"@type\":\"PropertyValueSpecification\",\"valueRequired\":true,\"valueName\":\"search_term_string\"}}],\"inLanguage\":\"en-US\"},{\"@type\":\"Organization\",\"@id\":\"https:\/\/teatrbaj.pl\/en\/#organization\",\"name\":\"Wyniki wyszukiwania Wynik z internetu z linkami do witryny Teatr Baj\",\"url\":\"https:\/\/teatrbaj.pl\/en\/\",\"logo\":{\"@type\":\"ImageObject\",\"inLanguage\":\"en-US\",\"@id\":\"https:\/\/teatrbaj.pl\/en\/#\/schema\/logo\/image\/\",\"url\":\"https:\/\/teatrbaj.pl\/wp-content\/uploads\/2020\/08\/baj-logo-z-bialym-tlem-min.png\",\"contentUrl\":\"https:\/\/teatrbaj.pl\/wp-content\/uploads\/2020\/08\/baj-logo-z-bialym-tlem-min.png\",\"width\":144,\"height\":154,\"caption\":\"Wyniki wyszukiwania Wynik z internetu z linkami do witryny Teatr Baj\"},\"image\":{\"@id\":\"https:\/\/teatrbaj.pl\/en\/#\/schema\/logo\/image\/\"}}]}<\/script>\n<!-- \/ Yoast SEO plugin. -->","yoast_head_json":{"title":"Homepage - Teatr Baj","description":"Poland's oldest puppet theater, founded in 1928 and headquartered at 28 Jagiello\u0144ska Street in Warsaw. Recognized as an accessible and friendly place for audiences of all ages. The Baj Theater's mission is to artistically search for new forms of theater, with a special focus on children's audiences, produce and present performances, operate in the field of cultural education and promote culture - both at home and abroad.Translated with DeepL.com (free version)","robots":{"index":"index","follow":"follow","max-snippet":"max-snippet:-1","max-image-preview":"max-image-preview:large","max-video-preview":"max-video-preview:-1"},"canonical":"https:\/\/teatrbaj.pl\/en\/","og_locale":"en_US","og_type":"article","og_title":"Homepage - Teatr Baj","og_description":"Poland's oldest puppet theater, founded in 1928 and headquartered at 28 Jagiello\u0144ska Street in Warsaw. Recognized as an accessible and friendly place for audiences of all ages. The Baj Theater's mission is to artistically search for new forms of theater, with a special focus on children's audiences, produce and present performances, operate in the field of cultural education and promote culture - both at home and abroad.Translated with DeepL.com (free version)","og_url":"https:\/\/teatrbaj.pl\/en\/","og_site_name":"Teatr Baj","article_modified_time":"2024-03-12T16:34:54+00:00","og_image":[{"width":1623,"height":1080,"url":"https:\/\/teatrbaj.pl\/wp-content\/uploads\/2022\/03\/Teatr-Baj-fot.-Albert-Roca-Macia-Duzy.jpg","type":"image\/jpeg"}],"twitter_card":"summary_large_image","schema":{"@context":"https:\/\/schema.org","@graph":[{"@type":"WebPage","@id":"https:\/\/teatrbaj.pl\/en\/","url":"https:\/\/teatrbaj.pl\/en\/","name":"Homepage - Teatr Baj","isPartOf":{"@id":"https:\/\/teatrbaj.pl\/en\/#website"},"primaryImageOfPage":{"@id":"https:\/\/teatrbaj.pl\/en\/#primaryimage"},"image":{"@id":"https:\/\/teatrbaj.pl\/en\/#primaryimage"},"thumbnailUrl":"https:\/\/teatrbaj.pl\/wp-content\/uploads\/2022\/03\/Teatr-Baj-fot.-Albert-Roca-Macia-Duzy.jpg","datePublished":"2021-01-28T12:46:25+00:00","dateModified":"2024-03-12T16:34:54+00:00","description":"Poland's oldest puppet theater, founded in 1928 and headquartered at 28 Jagiello\u0144ska Street in Warsaw. Recognized as an accessible and friendly place for audiences of all ages. The Baj Theater's mission is to artistically search for new forms of theater, with a special focus on children's audiences, produce and present performances, operate in the field of cultural education and promote culture - both at home and abroad.Translated with DeepL.com (free version)","breadcrumb":{"@id":"https:\/\/teatrbaj.pl\/en\/#breadcrumb"},"inLanguage":"en-US","potentialAction":[{"@type":"ReadAction","target":["https:\/\/teatrbaj.pl\/en\/"]}]},{"@type":"ImageObject","inLanguage":"en-US","@id":"https:\/\/teatrbaj.pl\/en\/#primaryimage","url":"https:\/\/teatrbaj.pl\/wp-content\/uploads\/2022\/03\/Teatr-Baj-fot.-Albert-Roca-Macia-Duzy.jpg","contentUrl":"https:\/\/teatrbaj.pl\/wp-content\/uploads\/2022\/03\/Teatr-Baj-fot.-Albert-Roca-Macia-Duzy.jpg","width":1623,"height":1080,"caption":"Teatr Baj w Warszawie - najstarszy teatr lalkowy dla dzieci w Polsce. Zdj\u0119cie przedstawia budynek Teatru zwany te\u017c Pa\u0142acem dla dzieci."},{"@type":"BreadcrumbList","@id":"https:\/\/teatrbaj.pl\/en\/#breadcrumb","itemListElement":[{"@type":"ListItem","position":1,"name":"Home","item":"https:\/\/teatrbaj.pl\/en\/"},{"@type":"ListItem","position":2,"name":"Homepage"}]},{"@type":"WebSite","@id":"https:\/\/teatrbaj.pl\/en\/#website","url":"https:\/\/teatrbaj.pl\/en\/","name":"Teatr Baj","description":"","publisher":{"@id":"https:\/\/teatrbaj.pl\/en\/#organization"},"potentialAction":[{"@type":"SearchAction","target":{"@type":"EntryPoint","urlTemplate":"https:\/\/teatrbaj.pl\/en\/?s={search_term_string}"},"query-input":{"@type":"PropertyValueSpecification","valueRequired":true,"valueName":"search_term_string"}}],"inLanguage":"en-US"},{"@type":"Organization","@id":"https:\/\/teatrbaj.pl\/en\/#organization","name":"Wyniki wyszukiwania Wynik z internetu z linkami do witryny Teatr Baj","url":"https:\/\/teatrbaj.pl\/en\/","logo":{"@type":"ImageObject","inLanguage":"en-US","@id":"https:\/\/teatrbaj.pl\/en\/#\/schema\/logo\/image\/","url":"https:\/\/teatrbaj.pl\/wp-content\/uploads\/2020\/08\/baj-logo-z-bialym-tlem-min.png","contentUrl":"https:\/\/teatrbaj.pl\/wp-content\/uploads\/2020\/08\/baj-logo-z-bialym-tlem-min.png","width":144,"height":154,"caption":"Wyniki wyszukiwania Wynik z internetu z linkami do witryny Teatr Baj"},"image":{"@id":"https:\/\/teatrbaj.pl\/en\/#\/schema\/logo\/image\/"}}]}},"_links":{"self":[{"href":"https:\/\/teatrbaj.pl\/en\/wp-json\/wp\/v2\/pages\/2243","targetHints":{"allow":["GET"]}}],"collection":[{"href":"https:\/\/teatrbaj.pl\/en\/wp-json\/wp\/v2\/pages"}],"about":[{"href":"https:\/\/teatrbaj.pl\/en\/wp-json\/wp\/v2\/types\/page"}],"author":[{"embeddable":true,"href":"https:\/\/teatrbaj.pl\/en\/wp-json\/wp\/v2\/users\/3"}],"replies":[{"embeddable":true,"href":"https:\/\/teatrbaj.pl\/en\/wp-json\/wp\/v2\/comments?post=2243"}],"version-history":[{"count":0,"href":"https:\/\/teatrbaj.pl\/en\/wp-json\/wp\/v2\/pages\/2243\/revisions"}],"wp:featuredmedia":[{"embeddable":true,"href":"https:\/\/teatrbaj.pl\/en\/wp-json\/wp\/v2\/media\/4843"}],"wp:attachment":[{"href":"https:\/\/teatrbaj.pl\/en\/wp-json\/wp\/v2\/media?parent=2243"}],"curies":[{"name":"wp","href":"https:\/\/api.w.org\/{rel}","templated":true}]}}